{"id":71,"date":"2014-10-16T17:06:17","date_gmt":"2014-10-16T15:06:17","guid":{"rendered":"http:\/\/rpphotographyes.webcindario.com\/?page_id=71"},"modified":"2015-04-20T10:25:23","modified_gmt":"2015-04-20T09:25:23","slug":"contacto","status":"publish","type":"page","link":"https:\/\/www.gruasbonet.es\/?page_id=71","title":{"rendered":"CONTACTO"},"content":{"rendered":"<p><!--more--><\/p>\n<div id='contact-form-71'>\n<form action='https:\/\/www.gruasbonet.es\/?page_id=71#contact-form-71' method='post' class='contact-form commentsblock'>\n<script>\n\t\t\t( function () {\n\t\t\t\tconst contact_forms = document.getElementsByClassName('contact-form');\n\n\t\t\t\tfor ( const form of contact_forms ) {\n\t\t\t\t\tform.onsubmit = function() {\n\t\t\t\t\t\tconst buttons = form.getElementsByTagName('button');\n\n\t\t\t\t\t\tfor( const button of buttons ) {\n\t\t\t\t\t\t\tbutton.setAttribute('disabled', true);\n\t\t\t\t\t\t}\n\t\t\t\t\t}\n\t\t\t\t}\n\t\t\t} )();\n\t\t<\/script>\n<div class='grunion-field-wrap grunion-field-name-wrap'  >\n<label\n\t\t\t\tfor='g71-nombre'\n\t\t\t\tclass='grunion-field-label name'\n\t\t\t\t>Nombre<span>(obligatorio)<\/span><\/label>\n<input\n\t\t\t\t\ttype='text'\n\t\t\t\t\tname='g71-nombre'\n\t\t\t\t\tid='g71-nombre'\n\t\t\t\t\tvalue=''\n\t\t\t\t\tclass='name' \n\t\t\t\t\trequired aria-required='true'\n\t\t\t\t\/>\n\t<\/div>\n\n<div class='grunion-field-wrap grunion-field-email-wrap'  >\n<label\n\t\t\t\tfor='g71-correoelectrnico'\n\t\t\t\tclass='grunion-field-label email'\n\t\t\t\t>Correo electr\u00f3nico<span>(obligatorio)<\/span><\/label>\n<input\n\t\t\t\t\ttype='email'\n\t\t\t\t\tname='g71-correoelectrnico'\n\t\t\t\t\tid='g71-correoelectrnico'\n\t\t\t\t\tvalue=''\n\t\t\t\t\tclass='email' \n\t\t\t\t\trequired aria-required='true'\n\t\t\t\t\/>\n\t<\/div>\n\n<div class='grunion-field-wrap grunion-field-textarea-wrap'  >\n<label\n\t\t\t\tfor='contact-form-comment-g71-comentario'\n\t\t\t\tclass='grunion-field-label textarea'\n\t\t\t\t>Comentario<span>(obligatorio)<\/span><\/label>\n<textarea\n\t\t                name='g71-comentario'\n\t\t                id='contact-form-comment-g71-comentario'\n\t\t                rows='20' class='textarea'  required aria-required='true'><\/textarea>\n\t<\/div>\n\t<p class='contact-submit'>\n\t\t<button type='submit' class='pushbutton-wide'>Enviar<\/button>\t\t<input type='hidden' name='contact-form-id' value='71' \/>\n\t\t<input type='hidden' name='action' value='grunion-contact-form' \/>\n\t\t<input type='hidden' name='contact-form-hash' value='a4c014b849eae4955260fc6bd568a92f8091fb0e' \/>\n\t<\/p>\n<p style=\"display: none !important;\" class=\"akismet-fields-container\" data-prefix=\"ak_\"><label>&#916;<textarea name=\"ak_hp_textarea\" cols=\"45\" rows=\"8\" maxlength=\"100\"><\/textarea><\/label><input type=\"hidden\" id=\"ak_js_1\" name=\"ak_js\" value=\"68\"\/><script>document.getElementById( \"ak_js_1\" ).setAttribute( \"value\", ( new Date() ).getTime() );<\/script><\/p><\/form>\n<\/div>\n","protected":false},"excerpt":{"rendered":"","protected":false},"author":1,"featured_media":0,"parent":0,"menu_order":0,"comment_status":"closed","ping_status":"open","template":"","meta":{"jetpack_post_was_ever_published":false,"footnotes":""},"class_list":["post-71","page","type-page","status-publish","hentry"],"jetpack_sharing_enabled":true,"jetpack_shortlink":"https:\/\/wp.me\/P5kur1-19","jetpack-related-posts":[{"id":2599,"url":"https:\/\/www.gruasbonet.es\/?page_id=2599","url_meta":{"origin":71,"position":0},"title":"RRHH","date":"14 noviembre, 2014","format":false,"excerpt":"En GRUAS BONET, el activo m\u00e1s importante son las personas que componen la empresa. Apostamos por la formaci\u00f3n continua, estimular los conocimientos y dotar de la experiencia necesaria para el desempe\u00f1o de las funciones, en el desarrollo de las capacidades de cada individuo. Entenderse los recursos humanos como el mejor\u2026","rel":"","context":"Entrada similar","img":{"alt_text":"","src":"","width":0,"height":0},"classes":[]},{"id":2275,"url":"https:\/\/www.gruasbonet.es\/?page_id=2275","url_meta":{"origin":71,"position":1},"title":"Pol\u00edtica de cookies","date":"3 noviembre, 2014","format":false,"excerpt":"Pol\u00edtica de cookies Una cookie es un peque\u00f1o fichero de texto que se almacena en su navegador cuando visita casi cualquier p\u00e1gina web. Su utilidad es que la web sea capaz de recordar su visita cuando vuelva a navegar por esa p\u00e1gina. Las cookies suelen almacenar informaci\u00f3n de car\u00e1cter t\u00e9cnico,\u2026","rel":"","context":"Entrada similar","img":{"alt_text":"","src":"","width":0,"height":0},"classes":[]},{"id":2512,"url":"https:\/\/www.gruasbonet.es\/?page_id=2512","url_meta":{"origin":71,"position":2},"title":"Politica de calidad","date":"12 noviembre, 2014","format":false,"excerpt":"La Direcci\u00f3n de GRUAS BONET considera su obligaci\u00f3n garantizar el cumplimiento de todos los requisitos legales y otras normativas aplicables en todas y cada una de las actividades que se desempe\u00f1an en la organizaci\u00f3n. Actividades como son el servicio de gr\u00faas m\u00f3viles autopropulsadas, gr\u00faas hidr\u00e1ulicas articuladas, gr\u00faas autocargantes, transporte convencional\u2026","rel":"","context":"Entrada similar","img":{"alt_text":"","src":"","width":0,"height":0},"classes":[]}],"jetpack_likes_enabled":true,"_links":{"self":[{"href":"https:\/\/www.gruasbonet.es\/index.php?rest_route=\/wp\/v2\/pages\/71","targetHints":{"allow":["GET"]}}],"collection":[{"href":"https:\/\/www.gruasbonet.es\/index.php?rest_route=\/wp\/v2\/pages"}],"about":[{"href":"https:\/\/www.gruasbonet.es\/index.php?rest_route=\/wp\/v2\/types\/page"}],"author":[{"embeddable":true,"href":"https:\/\/www.gruasbonet.es\/index.php?rest_route=\/wp\/v2\/users\/1"}],"replies":[{"embeddable":true,"href":"https:\/\/www.gruasbonet.es\/index.php?rest_route=%2Fwp%2Fv2%2Fcomments&post=71"}],"version-history":[{"count":2,"href":"https:\/\/www.gruasbonet.es\/index.php?rest_route=\/wp\/v2\/pages\/71\/revisions"}],"predecessor-version":[{"id":2756,"href":"https:\/\/www.gruasbonet.es\/index.php?rest_route=\/wp\/v2\/pages\/71\/revisions\/2756"}],"wp:attachment":[{"href":"https:\/\/www.gruasbonet.es\/index.php?rest_route=%2Fwp%2Fv2%2Fmedia&parent=71"}],"curies":[{"name":"wp","href":"https:\/\/api.w.org\/{rel}","templated":true}]}}