{"id":2599,"date":"2014-11-14T18:46:33","date_gmt":"2014-11-14T17:46:33","guid":{"rendered":"http:\/\/www.gruasbonet.es\/?page_id=2599"},"modified":"2014-11-14T20:22:27","modified_gmt":"2014-11-14T19:22:27","slug":"trabajo","status":"publish","type":"page","link":"https:\/\/www.gruasbonet.es\/?page_id=2599","title":{"rendered":"RRHH"},"content":{"rendered":"<p>En GRUAS BONET, el activo m\u00e1s importante son las personas que componen la empresa. Apostamos por la formaci\u00f3n continua, estimular los conocimientos y dotar de la experiencia necesaria para el desempe\u00f1o de las funciones, en el desarrollo de las capacidades de cada individuo.<\/p>\n<p>Entenderse los recursos humanos como el mejor capital de que disponemos. La gesti\u00f3n del capital humano tiene su base en las relaciones entre compa\u00f1eros, la organizaci\u00f3n y nuestros clientes.<\/p>\n<div role=\"form\" class=\"wpcf7\" id=\"wpcf7-f2601-o1\" lang=\"es-ES\" dir=\"ltr\">\n<div class=\"screen-reader-response\"><p role=\"status\" aria-live=\"polite\" aria-atomic=\"true\"><\/p> <ul><\/ul><\/div>\n<form action=\"\/index.php?rest_route=%2Fwp%2Fv2%2Fpages%2F2599#wpcf7-f2601-o1\" method=\"post\" class=\"wpcf7-form init\" enctype=\"multipart\/form-data\" novalidate=\"novalidate\" data-status=\"init\">\n<div style=\"display: none;\">\n<input type=\"hidden\" name=\"_wpcf7\" value=\"2601\" \/>\n<input type=\"hidden\" name=\"_wpcf7_version\" value=\"5.6.3\" \/>\n<input type=\"hidden\" name=\"_wpcf7_locale\" value=\"es_ES\" \/>\n<input type=\"hidden\" name=\"_wpcf7_unit_tag\" value=\"wpcf7-f2601-o1\" \/>\n<input type=\"hidden\" name=\"_wpcf7_container_post\" value=\"0\" \/>\n<input type=\"hidden\" name=\"_wpcf7_posted_data_hash\" value=\"\" \/>\n<\/div>\n<p>Su nombre (requerido)<br \/>\n    <span class=\"wpcf7-form-control-wrap\" data-name=\"your-name\"><input type=\"text\" name=\"your-name\" value=\"\" size=\"40\" class=\"wpcf7-form-control wpcf7-text wpcf7-validates-as-required\" aria-required=\"true\" aria-invalid=\"false\" \/><\/span> <\/p>\n<p>Su e-mail (requerido)<br \/>\n    <span class=\"wpcf7-form-control-wrap\" data-name=\"your-email\"><input type=\"email\" name=\"your-email\" value=\"\" size=\"40\" class=\"wpcf7-form-control wpcf7-text wpcf7-email wpcf7-validates-as-required wpcf7-validates-as-email\" aria-required=\"true\" aria-invalid=\"false\" \/><\/span> <\/p>\n<p>Asunto<br \/>\n    <span class=\"wpcf7-form-control-wrap\" data-name=\"your-subject\"><input type=\"text\" name=\"your-subject\" value=\"\" size=\"40\" class=\"wpcf7-form-control wpcf7-text\" aria-invalid=\"false\" \/><\/span> <\/p>\n<p>Su mensaje<br \/>\n    <span class=\"wpcf7-form-control-wrap\" data-name=\"your-message\"><textarea name=\"your-message\" cols=\"40\" rows=\"10\" class=\"wpcf7-form-control wpcf7-textarea\" aria-invalid=\"false\"><\/textarea><\/span> <\/p>\n<p>\u00bfPosee el carnet de gruista?  <span class=\"wpcf7-form-control-wrap\" data-name=\"Poseeelcarnetdegruista\"><span class=\"wpcf7-form-control wpcf7-checkbox option\"><span class=\"wpcf7-list-item first\"><input type=\"checkbox\" name=\"Poseeelcarnetdegruista[]\" value=\"si\" \/><span class=\"wpcf7-list-item-label\">si<\/span><\/span><span class=\"wpcf7-list-item last\"><input type=\"checkbox\" name=\"Poseeelcarnetdegruista[]\" value=\"no\" \/><span class=\"wpcf7-list-item-label\">no<\/span><\/span><\/span><\/span><\/p>\n<p>\u00bfTiene experiencia en el sector?  <span class=\"wpcf7-form-control-wrap\" data-name=\"checkbox-994\"><span class=\"wpcf7-form-control wpcf7-checkbox option\" id=\"tieneesperienciaenelsector\"><span class=\"wpcf7-list-item first\"><label><input type=\"checkbox\" name=\"checkbox-994[]\" value=\"si\" \/><span class=\"wpcf7-list-item-label\">si<\/span><\/label><\/span><span class=\"wpcf7-list-item last\"><label><input type=\"checkbox\" name=\"checkbox-994[]\" value=\"no\" \/><span class=\"wpcf7-list-item-label\">no<\/span><\/label><\/span><\/span><\/span><\/p>\n<p>Curriculum vitae<\/p>\n<p><span class=\"wpcf7-form-control-wrap\" data-name=\"file-914\"><input type=\"file\" name=\"file-914\" size=\"40\" class=\"wpcf7-form-control wpcf7-file wpcf7-validates-as-required\" id=\"curriculumvitae\" accept=\"audio\/*,video\/*,image\/*\" aria-required=\"true\" aria-invalid=\"false\" \/><\/span><\/p>\n<p><input type=\"submit\" value=\"Enviar\" class=\"wpcf7-form-control has-spinner wpcf7-submit\" \/><\/p>\n<p style=\"display: none !important;\" class=\"akismet-fields-container\" data-prefix=\"_wpcf7_ak_\"><label>&#916;<textarea name=\"_wpcf7_ak_hp_textarea\" cols=\"45\" rows=\"8\" maxlength=\"100\"><\/textarea><\/label><input type=\"hidden\" id=\"ak_js_1\" name=\"_wpcf7_ak_js\" value=\"167\"\/><script>document.getElementById( \"ak_js_1\" ).setAttribute( \"value\", ( new Date() ).getTime() );<\/script><\/p><div class=\"wpcf7-response-output\" aria-hidden=\"true\"><\/div><\/form><\/div>\n<p>&nbsp;<\/p>\n","protected":false},"excerpt":{"rendered":"<p>En GRUAS BONET, el activo m\u00e1s importante son las personas que componen la empresa. Apostamos por la formaci\u00f3n continua, estimular los conocimientos y dotar de la experiencia necesaria para el desempe\u00f1o de las funciones, en el desarrollo de las capacidades de cada individuo. Entenderse los recursos humanos como el mejor capital de que disponemos. La [&hellip;]<\/p>\n","protected":false},"author":1,"featured_media":0,"parent":0,"menu_order":0,"comment_status":"closed","ping_status":"open","template":"","meta":{"jetpack_post_was_ever_published":false,"footnotes":""},"class_list":["post-2599","page","type-page","status-publish","hentry"],"jetpack_sharing_enabled":true,"jetpack_shortlink":"https:\/\/wp.me\/P5kur1-FV","jetpack-related-posts":[{"id":2275,"url":"https:\/\/www.gruasbonet.es\/?page_id=2275","url_meta":{"origin":2599,"position":0},"title":"Pol\u00edtica de cookies","date":"3 noviembre, 2014","format":false,"excerpt":"Pol\u00edtica de cookies Una cookie es un peque\u00f1o fichero de texto que se almacena en su navegador cuando visita casi cualquier p\u00e1gina web. Su utilidad es que la web sea capaz de recordar su visita cuando vuelva a navegar por esa p\u00e1gina. Las cookies suelen almacenar informaci\u00f3n de car\u00e1cter t\u00e9cnico,\u2026","rel":"","context":"Entrada similar","img":{"alt_text":"","src":"","width":0,"height":0},"classes":[]},{"id":2512,"url":"https:\/\/www.gruasbonet.es\/?page_id=2512","url_meta":{"origin":2599,"position":1},"title":"Politica de calidad","date":"12 noviembre, 2014","format":false,"excerpt":"La Direcci\u00f3n de GRUAS BONET considera su obligaci\u00f3n garantizar el cumplimiento de todos los requisitos legales y otras normativas aplicables en todas y cada una de las actividades que se desempe\u00f1an en la organizaci\u00f3n. Actividades como son el servicio de gr\u00faas m\u00f3viles autopropulsadas, gr\u00faas hidr\u00e1ulicas articuladas, gr\u00faas autocargantes, transporte convencional\u2026","rel":"","context":"Entrada similar","img":{"alt_text":"","src":"","width":0,"height":0},"classes":[]},{"id":2274,"url":"https:\/\/www.gruasbonet.es\/?page_id=2274","url_meta":{"origin":2599,"position":2},"title":"M\u00e1s informaci\u00f3n sobre las cookies","date":"3 noviembre, 2014","format":false,"excerpt":"\u00bfQu\u00e9 es una cookie? Una cookie es un fichero de texto inofensivo que se almacena en su navegador cuando visita casi cualquier p\u00e1gina web. La utilidad de la cookie es que la web sea capaz de recordar su visita cuando vuelva a navegar por esa p\u00e1gina. Aunque mucha gente no\u2026","rel":"","context":"Entrada similar","img":{"alt_text":"","src":"","width":0,"height":0},"classes":[]},{"id":137,"url":"https:\/\/www.gruasbonet.es\/?page_id=137","url_meta":{"origin":2599,"position":3},"title":"Con\u00f3cenos","date":"22 febrero, 2014","format":false,"excerpt":"D. Alonso Bonet funda Gruas Bonet en el a\u00f1o 1957. Sus comienzos fueron \u00a0en un peque\u00f1o taller, dedicado a la reconstrucci\u00f3n y reparaci\u00f3n de autom\u00f3viles, y vi\u00e9ndose en la necesidad de transportar estos veh\u00edculos hasta su taller, procedi\u00f3 a transformar un veh\u00edculo en gr\u00faa de remolcar siendo los or\u00edgenes de\u2026","rel":"","context":"Entrada similar","img":{"alt_text":"","src":"","width":0,"height":0},"classes":[]},{"id":2844,"url":"https:\/\/www.gruasbonet.es\/en\/?page_id=2844","url_meta":{"origin":2599,"position":4},"title":"Know us","date":"22 febrero, 2014","format":false,"excerpt":"D. Alonso Bonet funda Gruas Bonet en el a\u00f1o 1957. Sus comienzos fueron \u00a0en un peque\u00f1o taller, dedicado a la reconstrucci\u00f3n y reparaci\u00f3n de autom\u00f3viles, y vi\u00e9ndose en la necesidad de transportar estos veh\u00edculos hasta su taller, procedi\u00f3 a transformar un veh\u00edculo en gr\u00faa de remolcar siendo los or\u00edgenes de\u2026","rel":"","context":"Entrada similar","img":{"alt_text":"","src":"","width":0,"height":0},"classes":[]},{"id":2,"url":"https:\/\/www.gruasbonet.es\/?page_id=2","url_meta":{"origin":2599,"position":5},"title":"P\u00e1gina de ejemplo","date":"11 noviembre, 2014","format":false,"excerpt":"Esto es una p\u00e1gina de ejemplo. Es diferente a una entrada porque permanece fija en un lugar y se mostrar\u00e1 en la navegaci\u00f3n de tu sitio (en la mayor\u00eda de los temas). La mayor\u00eda de la gente empieza con una p\u00e1gina de Acerca de, que les presenta a los potenciales\u2026","rel":"","context":"Entrada similar","img":{"alt_text":"","src":"","width":0,"height":0},"classes":[]}],"jetpack_likes_enabled":true,"_links":{"self":[{"href":"https:\/\/www.gruasbonet.es\/index.php?rest_route=\/wp\/v2\/pages\/2599","targetHints":{"allow":["GET"]}}],"collection":[{"href":"https:\/\/www.gruasbonet.es\/index.php?rest_route=\/wp\/v2\/pages"}],"about":[{"href":"https:\/\/www.gruasbonet.es\/index.php?rest_route=\/wp\/v2\/types\/page"}],"author":[{"embeddable":true,"href":"https:\/\/www.gruasbonet.es\/index.php?rest_route=\/wp\/v2\/users\/1"}],"replies":[{"embeddable":true,"href":"https:\/\/www.gruasbonet.es\/index.php?rest_route=%2Fwp%2Fv2%2Fcomments&post=2599"}],"version-history":[{"count":5,"href":"https:\/\/www.gruasbonet.es\/index.php?rest_route=\/wp\/v2\/pages\/2599\/revisions"}],"predecessor-version":[{"id":2605,"href":"https:\/\/www.gruasbonet.es\/index.php?rest_route=\/wp\/v2\/pages\/2599\/revisions\/2605"}],"wp:attachment":[{"href":"https:\/\/www.gruasbonet.es\/index.php?rest_route=%2Fwp%2Fv2%2Fmedia&parent=2599"}],"curies":[{"name":"wp","href":"https:\/\/api.w.org\/{rel}","templated":true}]}}