{"id":2501,"date":"2014-11-12T12:54:30","date_gmt":"2014-11-12T11:54:30","guid":{"rendered":"http:\/\/www.gruasbonet.es\/?page_id=2501"},"modified":"2014-11-12T12:54:30","modified_gmt":"2014-11-12T11:54:30","slug":"blog-2","status":"publish","type":"page","link":"https:\/\/www.gruasbonet.es\/?page_id=2501","title":{"rendered":"blog"},"content":{"rendered":"","protected":false},"excerpt":{"rendered":"","protected":false},"author":1,"featured_media":0,"parent":0,"menu_order":0,"comment_status":"closed","ping_status":"open","template":"","meta":{"jetpack_post_was_ever_published":false,"footnotes":""},"class_list":["post-2501","page","type-page","status-publish","hentry"],"jetpack_sharing_enabled":true,"jetpack_shortlink":"https:\/\/wp.me\/P5kur1-El","jetpack-related-posts":[{"id":1558,"url":"https:\/\/www.gruasbonet.es\/?page_id=1558","url_meta":{"origin":2501,"position":0},"title":"Blog","date":"20 julio, 2012","format":false,"excerpt":"","rel":"","context":"Entrada similar","img":{"alt_text":"","src":"","width":0,"height":0},"classes":[]},{"id":2,"url":"https:\/\/www.gruasbonet.es\/?page_id=2","url_meta":{"origin":2501,"position":1},"title":"P\u00e1gina de ejemplo","date":"11 noviembre, 2014","format":false,"excerpt":"Esto es una p\u00e1gina de ejemplo. Es diferente a una entrada porque permanece fija en un lugar y se mostrar\u00e1 en la navegaci\u00f3n de tu sitio (en la mayor\u00eda de los temas). La mayor\u00eda de la gente empieza con una p\u00e1gina de Acerca de, que les presenta a los potenciales\u2026","rel":"","context":"Entrada similar","img":{"alt_text":"","src":"","width":0,"height":0},"classes":[]},{"id":2275,"url":"https:\/\/www.gruasbonet.es\/?page_id=2275","url_meta":{"origin":2501,"position":2},"title":"Pol\u00edtica de cookies","date":"3 noviembre, 2014","format":false,"excerpt":"Pol\u00edtica de cookies Una cookie es un peque\u00f1o fichero de texto que se almacena en su navegador cuando visita casi cualquier p\u00e1gina web. Su utilidad es que la web sea capaz de recordar su visita cuando vuelva a navegar por esa p\u00e1gina. Las cookies suelen almacenar informaci\u00f3n de car\u00e1cter t\u00e9cnico,\u2026","rel":"","context":"Entrada similar","img":{"alt_text":"","src":"","width":0,"height":0},"classes":[]},{"id":2274,"url":"https:\/\/www.gruasbonet.es\/?page_id=2274","url_meta":{"origin":2501,"position":3},"title":"M\u00e1s informaci\u00f3n sobre las cookies","date":"3 noviembre, 2014","format":false,"excerpt":"\u00bfQu\u00e9 es una cookie? Una cookie es un fichero de texto inofensivo que se almacena en su navegador cuando visita casi cualquier p\u00e1gina web. La utilidad de la cookie es que la web sea capaz de recordar su visita cuando vuelva a navegar por esa p\u00e1gina. Aunque mucha gente no\u2026","rel":"","context":"Entrada similar","img":{"alt_text":"","src":"","width":0,"height":0},"classes":[]}],"jetpack_likes_enabled":true,"_links":{"self":[{"href":"https:\/\/www.gruasbonet.es\/index.php?rest_route=\/wp\/v2\/pages\/2501","targetHints":{"allow":["GET"]}}],"collection":[{"href":"https:\/\/www.gruasbonet.es\/index.php?rest_route=\/wp\/v2\/pages"}],"about":[{"href":"https:\/\/www.gruasbonet.es\/index.php?rest_route=\/wp\/v2\/types\/page"}],"author":[{"embeddable":true,"href":"https:\/\/www.gruasbonet.es\/index.php?rest_route=\/wp\/v2\/users\/1"}],"replies":[{"embeddable":true,"href":"https:\/\/www.gruasbonet.es\/index.php?rest_route=%2Fwp%2Fv2%2Fcomments&post=2501"}],"version-history":[{"count":1,"href":"https:\/\/www.gruasbonet.es\/index.php?rest_route=\/wp\/v2\/pages\/2501\/revisions"}],"predecessor-version":[{"id":2502,"href":"https:\/\/www.gruasbonet.es\/index.php?rest_route=\/wp\/v2\/pages\/2501\/revisions\/2502"}],"wp:attachment":[{"href":"https:\/\/www.gruasbonet.es\/index.php?rest_route=%2Fwp%2Fv2%2Fmedia&parent=2501"}],"curies":[{"name":"wp","href":"https:\/\/api.w.org\/{rel}","templated":true}]}}