{"id":2285,"date":"2014-11-04T12:13:04","date_gmt":"2014-11-04T11:13:04","guid":{"rendered":"http:\/\/gruasbonet.hol.es\/?page_id=2285"},"modified":"2014-11-12T18:21:07","modified_gmt":"2014-11-12T17:21:07","slug":"articuladas","status":"publish","type":"page","link":"https:\/\/www.gruasbonet.es\/?page_id=2285","title":{"rendered":"Gruas Articuladas"},"content":{"rendered":"","protected":false},"excerpt":{"rendered":"","protected":false},"author":1,"featured_media":0,"parent":2280,"menu_order":0,"comment_status":"open","ping_status":"open","template":"","meta":{"jetpack_post_was_ever_published":false,"footnotes":""},"class_list":["post-2285","page","type-page","status-publish","hentry"],"jetpack_sharing_enabled":true,"jetpack_shortlink":"https:\/\/wp.me\/P5kur1-AR","jetpack-related-posts":[{"id":2512,"url":"https:\/\/www.gruasbonet.es\/?page_id=2512","url_meta":{"origin":2285,"position":0},"title":"Politica de calidad","date":"12 noviembre, 2014","format":false,"excerpt":"La Direcci\u00f3n de GRUAS BONET considera su obligaci\u00f3n garantizar el cumplimiento de todos los requisitos legales y otras normativas aplicables en todas y cada una de las actividades que se desempe\u00f1an en la organizaci\u00f3n. Actividades como son el servicio de gr\u00faas m\u00f3viles autopropulsadas, gr\u00faas hidr\u00e1ulicas articuladas, gr\u00faas autocargantes, transporte convencional\u2026","rel":"","context":"Entrada similar","img":{"alt_text":"","src":"","width":0,"height":0},"classes":[]},{"id":137,"url":"https:\/\/www.gruasbonet.es\/?page_id=137","url_meta":{"origin":2285,"position":1},"title":"Con\u00f3cenos","date":"22 febrero, 2014","format":false,"excerpt":"D. Alonso Bonet funda Gruas Bonet en el a\u00f1o 1957. Sus comienzos fueron \u00a0en un peque\u00f1o taller, dedicado a la reconstrucci\u00f3n y reparaci\u00f3n de autom\u00f3viles, y vi\u00e9ndose en la necesidad de transportar estos veh\u00edculos hasta su taller, procedi\u00f3 a transformar un veh\u00edculo en gr\u00faa de remolcar siendo los or\u00edgenes de\u2026","rel":"","context":"Entrada similar","img":{"alt_text":"","src":"","width":0,"height":0},"classes":[]},{"id":2844,"url":"https:\/\/www.gruasbonet.es\/en\/?page_id=2844","url_meta":{"origin":2285,"position":2},"title":"Know us","date":"22 febrero, 2014","format":false,"excerpt":"D. Alonso Bonet funda Gruas Bonet en el a\u00f1o 1957. Sus comienzos fueron \u00a0en un peque\u00f1o taller, dedicado a la reconstrucci\u00f3n y reparaci\u00f3n de autom\u00f3viles, y vi\u00e9ndose en la necesidad de transportar estos veh\u00edculos hasta su taller, procedi\u00f3 a transformar un veh\u00edculo en gr\u00faa de remolcar siendo los or\u00edgenes de\u2026","rel":"","context":"Entrada similar","img":{"alt_text":"","src":"","width":0,"height":0},"classes":[]},{"id":2268,"url":"https:\/\/www.gruasbonet.es\/?page_id=2268","url_meta":{"origin":2285,"position":3},"title":"Gruas Autopropulsadas","date":"1 noviembre, 2014","format":false,"excerpt":"","rel":"","context":"Entrada similar","img":{"alt_text":"","src":"","width":0,"height":0},"classes":[]},{"id":2599,"url":"https:\/\/www.gruasbonet.es\/?page_id=2599","url_meta":{"origin":2285,"position":4},"title":"RRHH","date":"14 noviembre, 2014","format":false,"excerpt":"En GRUAS BONET, el activo m\u00e1s importante son las personas que componen la empresa. Apostamos por la formaci\u00f3n continua, estimular los conocimientos y dotar de la experiencia necesaria para el desempe\u00f1o de las funciones, en el desarrollo de las capacidades de cada individuo. Entenderse los recursos humanos como el mejor\u2026","rel":"","context":"Entrada similar","img":{"alt_text":"","src":"","width":0,"height":0},"classes":[]}],"jetpack_likes_enabled":true,"_links":{"self":[{"href":"https:\/\/www.gruasbonet.es\/index.php?rest_route=\/wp\/v2\/pages\/2285","targetHints":{"allow":["GET"]}}],"collection":[{"href":"https:\/\/www.gruasbonet.es\/index.php?rest_route=\/wp\/v2\/pages"}],"about":[{"href":"https:\/\/www.gruasbonet.es\/index.php?rest_route=\/wp\/v2\/types\/page"}],"author":[{"embeddable":true,"href":"https:\/\/www.gruasbonet.es\/index.php?rest_route=\/wp\/v2\/users\/1"}],"replies":[{"embeddable":true,"href":"https:\/\/www.gruasbonet.es\/index.php?rest_route=%2Fwp%2Fv2%2Fcomments&post=2285"}],"version-history":[{"count":2,"href":"https:\/\/www.gruasbonet.es\/index.php?rest_route=\/wp\/v2\/pages\/2285\/revisions"}],"predecessor-version":[{"id":2525,"href":"https:\/\/www.gruasbonet.es\/index.php?rest_route=\/wp\/v2\/pages\/2285\/revisions\/2525"}],"up":[{"embeddable":true,"href":"https:\/\/www.gruasbonet.es\/index.php?rest_route=\/wp\/v2\/pages\/2280"}],"wp:attachment":[{"href":"https:\/\/www.gruasbonet.es\/index.php?rest_route=%2Fwp%2Fv2%2Fmedia&parent=2285"}],"curies":[{"name":"wp","href":"https:\/\/api.w.org\/{rel}","templated":true}]}}