{"id":2280,"date":"2014-11-04T12:08:11","date_gmt":"2014-11-04T11:08:11","guid":{"rendered":"http:\/\/gruasbonet.hol.es\/?page_id=2280"},"modified":"2014-11-11T18:17:09","modified_gmt":"2014-11-11T18:17:09","slug":"maquinaria-2","status":"publish","type":"page","link":"https:\/\/www.gruasbonet.es\/?page_id=2280","title":{"rendered":"Maquinaria"},"content":{"rendered":"","protected":false},"excerpt":{"rendered":"","protected":false},"author":1,"featured_media":0,"parent":0,"menu_order":0,"comment_status":"open","ping_status":"open","template":"","meta":{"jetpack_post_was_ever_published":false,"footnotes":""},"class_list":["post-2280","page","type-page","status-publish","hentry"],"jetpack_sharing_enabled":true,"jetpack_shortlink":"https:\/\/wp.me\/P5kur1-AM","jetpack-related-posts":[{"id":2268,"url":"https:\/\/www.gruasbonet.es\/?page_id=2268","url_meta":{"origin":2280,"position":0},"title":"Gruas Autopropulsadas","date":"1 noviembre, 2014","format":false,"excerpt":"","rel":"","context":"Entrada similar","img":{"alt_text":"","src":"","width":0,"height":0},"classes":[]},{"id":2285,"url":"https:\/\/www.gruasbonet.es\/?page_id=2285","url_meta":{"origin":2280,"position":1},"title":"Gruas Articuladas","date":"4 noviembre, 2014","format":false,"excerpt":"","rel":"","context":"Entrada similar","img":{"alt_text":"","src":"","width":0,"height":0},"classes":[]},{"id":137,"url":"https:\/\/www.gruasbonet.es\/?page_id=137","url_meta":{"origin":2280,"position":2},"title":"Con\u00f3cenos","date":"22 febrero, 2014","format":false,"excerpt":"D. Alonso Bonet funda Gruas Bonet en el a\u00f1o 1957. Sus comienzos fueron \u00a0en un peque\u00f1o taller, dedicado a la reconstrucci\u00f3n y reparaci\u00f3n de autom\u00f3viles, y vi\u00e9ndose en la necesidad de transportar estos veh\u00edculos hasta su taller, procedi\u00f3 a transformar un veh\u00edculo en gr\u00faa de remolcar siendo los or\u00edgenes de\u2026","rel":"","context":"Entrada similar","img":{"alt_text":"","src":"","width":0,"height":0},"classes":[]},{"id":2844,"url":"https:\/\/www.gruasbonet.es\/en\/?page_id=2844","url_meta":{"origin":2280,"position":3},"title":"Know us","date":"22 febrero, 2014","format":false,"excerpt":"D. Alonso Bonet funda Gruas Bonet en el a\u00f1o 1957. Sus comienzos fueron \u00a0en un peque\u00f1o taller, dedicado a la reconstrucci\u00f3n y reparaci\u00f3n de autom\u00f3viles, y vi\u00e9ndose en la necesidad de transportar estos veh\u00edculos hasta su taller, procedi\u00f3 a transformar un veh\u00edculo en gr\u00faa de remolcar siendo los or\u00edgenes de\u2026","rel":"","context":"Entrada similar","img":{"alt_text":"","src":"","width":0,"height":0},"classes":[]}],"jetpack_likes_enabled":true,"_links":{"self":[{"href":"https:\/\/www.gruasbonet.es\/index.php?rest_route=\/wp\/v2\/pages\/2280","targetHints":{"allow":["GET"]}}],"collection":[{"href":"https:\/\/www.gruasbonet.es\/index.php?rest_route=\/wp\/v2\/pages"}],"about":[{"href":"https:\/\/www.gruasbonet.es\/index.php?rest_route=\/wp\/v2\/types\/page"}],"author":[{"embeddable":true,"href":"https:\/\/www.gruasbonet.es\/index.php?rest_route=\/wp\/v2\/users\/1"}],"replies":[{"embeddable":true,"href":"https:\/\/www.gruasbonet.es\/index.php?rest_route=%2Fwp%2Fv2%2Fcomments&post=2280"}],"version-history":[{"count":1,"href":"https:\/\/www.gruasbonet.es\/index.php?rest_route=\/wp\/v2\/pages\/2280\/revisions"}],"predecessor-version":[{"id":2465,"href":"https:\/\/www.gruasbonet.es\/index.php?rest_route=\/wp\/v2\/pages\/2280\/revisions\/2465"}],"wp:attachment":[{"href":"https:\/\/www.gruasbonet.es\/index.php?rest_route=%2Fwp%2Fv2%2Fmedia&parent=2280"}],"curies":[{"name":"wp","href":"https:\/\/api.w.org\/{rel}","templated":true}]}}