{"id":2275,"date":"2014-11-03T11:38:29","date_gmt":"2014-11-03T11:38:29","guid":{"rendered":"http:\/\/gruasbonet.hol.es\/politica-de-cookies\/"},"modified":"2014-11-25T10:20:43","modified_gmt":"2014-11-25T09:20:43","slug":"politica-de-cookies","status":"publish","type":"page","link":"https:\/\/www.gruasbonet.es\/?page_id=2275","title":{"rendered":"Pol\u00edtica de cookies"},"content":{"rendered":"<h1>Pol\u00edtica de cookies<\/h1>\n<p>Una <em>cookie<\/em> es un peque\u00f1o fichero de texto que se almacena en su navegador cuando visita casi cualquier p\u00e1gina web. Su utilidad es que la web sea capaz de recordar su visita cuando vuelva a navegar por esa p\u00e1gina. Las <em>cookies<\/em> suelen almacenar informaci\u00f3n de car\u00e1cter t\u00e9cnico, preferencias personales, personalizaci\u00f3n de contenidos, estad\u00edsticas de uso, enlaces a redes sociales, acceso a cuentas de usuario, etc. El objetivo de la <em>cookie<\/em> es adaptar el contenido de la web a su perfil y necesidades, sin <em>cookies<\/em> los servicios ofrecidos por cualquier p\u00e1gina se ver\u00edan mermados notablemente. Si desea consultar m\u00e1s informaci\u00f3n sobre qu\u00e9 son las <em>cookies<\/em>, qu\u00e9 almacenan, c\u00f3mo eliminarlas, desactivarlas, etc., <a href=\"http:\/\/www.gruasbonet.es\/?page_id=2274\">le rogamos se dirija a este enlace.<\/a><\/p>\n<h2>Cookies utilizadas en este sitio web<\/h2>\n<p>Siguiendo las directrices de la Agencia Espa\u00f1ola de Protecci\u00f3n de Datos procedemos a detallar el uso de <em>cookies<\/em> que hace esta web con el fin de informarle con la m\u00e1xima exactitud posible.<\/p>\n<p>Este sitio web utiliza las siguientes <strong>cookies propias<\/strong>:<\/p>\n<ul>\n<li>Cookies de sesi\u00f3n, para garantizar que los usuarios que escriban comentarios en el blog sean humanos y no aplicaciones automatizadas. De esta forma se combate el <em>spam<\/em>.<\/li>\n<\/ul>\n<p>Este sitio web utiliza las siguientes <strong>cookies de terceros<\/strong>:<\/p>\n<ul>\n<li>Google Analytics: Almacena <em>cookies<\/em> para poder elaborar estad\u00edsticas sobre el tr\u00e1fico y volumen de visitas de esta web. Al utilizar este sitio web est\u00e1 consintiendo el tratamiento de informaci\u00f3n acerca de usted por Google. Por tanto, el ejercicio de cualquier derecho en este sentido deber\u00e1 hacerlo comunicando directamente con Google.<\/li>\n<li>Redes sociales: Cada red social utiliza sus propias <em>cookies<\/em> para que usted pueda pinchar en botones del tipo <em>Me gusta<\/em> o <em>Compartir<\/em>.<\/li>\n<\/ul>\n<h2>Desactivaci\u00f3n o eliminaci\u00f3n de cookies<\/h2>\n<p>En cualquier momento podr\u00e1 ejercer su derecho de desactivaci\u00f3n o eliminaci\u00f3n de cookies de este sitio web. Estas acciones se realizan de forma diferente en funci\u00f3n del navegador que est\u00e9 usando. <a href=\"http:\/\/www.gruasbonet.es\/?page_id=2274\">Aqu\u00ed le dejamos una gu\u00eda r\u00e1pida para los navegadores m\u00e1s populares<\/a>.<\/p>\n<h2>Notas adicionales<\/h2>\n<ul>\n<li>Ni esta web ni sus representantes legales se hacen responsables ni del contenido ni de la veracidad de las pol\u00edticas de privacidad que puedan tener los terceros mencionados en esta pol\u00edtica de <em>cookies<\/em>.<\/li>\n<li>Los navegadores web son las herramientas encargadas de almacenar las <em>cookies<\/em> y desde este lugar debe efectuar su derecho a eliminaci\u00f3n o desactivaci\u00f3n de las mismas. Ni esta web ni sus representantes legales pueden garantizar la correcta o incorrecta manipulaci\u00f3n de las <em>cookies<\/em> por parte de los mencionados navegadores.<\/li>\n<li>En algunos casos es necesario instalar <em>cookies<\/em> para que el navegador no olvide su decisi\u00f3n de no aceptaci\u00f3n de las mismas.<\/li>\n<li>En el caso de las <em>cookies<\/em> de Google Analytics, esta empresa almacena las <em>cookies<\/em> en servidores ubicados en Estados Unidos y se compromete a no compartirla con terceros, excepto en los casos en los que sea necesario para el funcionamiento del sistema o cuando la ley obligue a tal efecto. Seg\u00fan Google no guarda su direcci\u00f3n IP. Google Inc. es una compa\u00f1\u00eda adherida al Acuerdo de Puerto Seguro que garantiza que todos los datos transferidos ser\u00e1n tratados con un nivel de protecci\u00f3n acorde a la normativa europea. Puede consultar informaci\u00f3n detallada a este respecto <a href=\"http:\/\/safeharbor.export.gov\/companyinfo.aspx?id=16626\" target=\"_blank\">en este enlace<\/a>. Si desea informaci\u00f3n sobre el uso que Google da a las cookies <a href=\"https:\/\/developers.google.com\/analytics\/devguides\/collection\/analyticsjs\/cookie-usage?hl=es&amp;csw=1\" target=\"_blank\">le adjuntamos este otro enlace<\/a>.<\/li>\n<li>Para cualquier duda o consulta acerca de esta pol\u00edtica de <em>cookies<\/em> no dude en comunicarse con nosotros a trav\u00e9s de la secci\u00f3n de contacto.<\/li>\n<\/ul>\n<p>&nbsp;<\/p>\n","protected":false},"excerpt":{"rendered":"<p>Pol\u00edtica de cookies Una cookie es un peque\u00f1o fichero de texto que se almacena en su navegador cuando visita casi cualquier p\u00e1gina web. Su utilidad es que la web sea capaz de recordar su visita cuando vuelva a navegar por esa p\u00e1gina. Las cookies suelen almacenar informaci\u00f3n de car\u00e1cter t\u00e9cnico, preferencias personales, personalizaci\u00f3n de contenidos, [&hellip;]<\/p>\n","protected":false},"author":1,"featured_media":0,"parent":0,"menu_order":0,"comment_status":"closed","ping_status":"closed","template":"","meta":{"jetpack_post_was_ever_published":false,"footnotes":""},"class_list":["post-2275","page","type-page","status-publish","hentry"],"jetpack_sharing_enabled":true,"jetpack_shortlink":"https:\/\/wp.me\/P5kur1-AH","jetpack-related-posts":[{"id":2274,"url":"https:\/\/www.gruasbonet.es\/?page_id=2274","url_meta":{"origin":2275,"position":0},"title":"M\u00e1s informaci\u00f3n sobre las cookies","date":"3 noviembre, 2014","format":false,"excerpt":"\u00bfQu\u00e9 es una cookie? Una cookie es un fichero de texto inofensivo que se almacena en su navegador cuando visita casi cualquier p\u00e1gina web. La utilidad de la cookie es que la web sea capaz de recordar su visita cuando vuelva a navegar por esa p\u00e1gina. Aunque mucha gente no\u2026","rel":"","context":"Entrada similar","img":{"alt_text":"","src":"","width":0,"height":0},"classes":[]},{"id":2512,"url":"https:\/\/www.gruasbonet.es\/?page_id=2512","url_meta":{"origin":2275,"position":1},"title":"Politica de calidad","date":"12 noviembre, 2014","format":false,"excerpt":"La Direcci\u00f3n de GRUAS BONET considera su obligaci\u00f3n garantizar el cumplimiento de todos los requisitos legales y otras normativas aplicables en todas y cada una de las actividades que se desempe\u00f1an en la organizaci\u00f3n. Actividades como son el servicio de gr\u00faas m\u00f3viles autopropulsadas, gr\u00faas hidr\u00e1ulicas articuladas, gr\u00faas autocargantes, transporte convencional\u2026","rel":"","context":"Entrada similar","img":{"alt_text":"","src":"","width":0,"height":0},"classes":[]},{"id":2,"url":"https:\/\/www.gruasbonet.es\/?page_id=2","url_meta":{"origin":2275,"position":2},"title":"P\u00e1gina de ejemplo","date":"11 noviembre, 2014","format":false,"excerpt":"Esto es una p\u00e1gina de ejemplo. Es diferente a una entrada porque permanece fija en un lugar y se mostrar\u00e1 en la navegaci\u00f3n de tu sitio (en la mayor\u00eda de los temas). La mayor\u00eda de la gente empieza con una p\u00e1gina de Acerca de, que les presenta a los potenciales\u2026","rel":"","context":"Entrada similar","img":{"alt_text":"","src":"","width":0,"height":0},"classes":[]},{"id":2599,"url":"https:\/\/www.gruasbonet.es\/?page_id=2599","url_meta":{"origin":2275,"position":3},"title":"RRHH","date":"14 noviembre, 2014","format":false,"excerpt":"En GRUAS BONET, el activo m\u00e1s importante son las personas que componen la empresa. Apostamos por la formaci\u00f3n continua, estimular los conocimientos y dotar de la experiencia necesaria para el desempe\u00f1o de las funciones, en el desarrollo de las capacidades de cada individuo. Entenderse los recursos humanos como el mejor\u2026","rel":"","context":"Entrada similar","img":{"alt_text":"","src":"","width":0,"height":0},"classes":[]},{"id":137,"url":"https:\/\/www.gruasbonet.es\/?page_id=137","url_meta":{"origin":2275,"position":4},"title":"Con\u00f3cenos","date":"22 febrero, 2014","format":false,"excerpt":"D. Alonso Bonet funda Gruas Bonet en el a\u00f1o 1957. Sus comienzos fueron \u00a0en un peque\u00f1o taller, dedicado a la reconstrucci\u00f3n y reparaci\u00f3n de autom\u00f3viles, y vi\u00e9ndose en la necesidad de transportar estos veh\u00edculos hasta su taller, procedi\u00f3 a transformar un veh\u00edculo en gr\u00faa de remolcar siendo los or\u00edgenes de\u2026","rel":"","context":"Entrada similar","img":{"alt_text":"","src":"","width":0,"height":0},"classes":[]},{"id":2844,"url":"https:\/\/www.gruasbonet.es\/en\/?page_id=2844","url_meta":{"origin":2275,"position":5},"title":"Know us","date":"22 febrero, 2014","format":false,"excerpt":"D. Alonso Bonet funda Gruas Bonet en el a\u00f1o 1957. Sus comienzos fueron \u00a0en un peque\u00f1o taller, dedicado a la reconstrucci\u00f3n y reparaci\u00f3n de autom\u00f3viles, y vi\u00e9ndose en la necesidad de transportar estos veh\u00edculos hasta su taller, procedi\u00f3 a transformar un veh\u00edculo en gr\u00faa de remolcar siendo los or\u00edgenes de\u2026","rel":"","context":"Entrada similar","img":{"alt_text":"","src":"","width":0,"height":0},"classes":[]}],"jetpack_likes_enabled":true,"_links":{"self":[{"href":"https:\/\/www.gruasbonet.es\/index.php?rest_route=\/wp\/v2\/pages\/2275","targetHints":{"allow":["GET"]}}],"collection":[{"href":"https:\/\/www.gruasbonet.es\/index.php?rest_route=\/wp\/v2\/pages"}],"about":[{"href":"https:\/\/www.gruasbonet.es\/index.php?rest_route=\/wp\/v2\/types\/page"}],"author":[{"embeddable":true,"href":"https:\/\/www.gruasbonet.es\/index.php?rest_route=\/wp\/v2\/users\/1"}],"replies":[{"embeddable":true,"href":"https:\/\/www.gruasbonet.es\/index.php?rest_route=%2Fwp%2Fv2%2Fcomments&post=2275"}],"version-history":[{"count":4,"href":"https:\/\/www.gruasbonet.es\/index.php?rest_route=\/wp\/v2\/pages\/2275\/revisions"}],"predecessor-version":[{"id":2706,"href":"https:\/\/www.gruasbonet.es\/index.php?rest_route=\/wp\/v2\/pages\/2275\/revisions\/2706"}],"wp:attachment":[{"href":"https:\/\/www.gruasbonet.es\/index.php?rest_route=%2Fwp%2Fv2%2Fmedia&parent=2275"}],"curies":[{"name":"wp","href":"https:\/\/api.w.org\/{rel}","templated":true}]}}