{"id":137,"date":"2014-02-22T21:32:09","date_gmt":"2014-02-22T21:32:09","guid":{"rendered":"http:\/\/rpphotographyes.webcindario.com\/?page_id=2"},"modified":"2014-11-11T18:17:09","modified_gmt":"2014-11-11T18:17:09","slug":"pagina-ejemplo-2","status":"publish","type":"page","link":"https:\/\/www.gruasbonet.es\/?page_id=137","title":{"rendered":"Con\u00f3cenos"},"content":{"rendered":"<p>D. Alonso Bonet funda <span class=\"txt-rojo\"><strong>Gruas Bonet<\/strong><\/span> en el a\u00f1o 1957.<\/p>\n<p>Sus comienzos fueron \u00a0en un peque\u00f1o taller, dedicado a la reconstrucci\u00f3n y reparaci\u00f3n de autom\u00f3viles, y vi\u00e9ndose en la necesidad de transportar estos veh\u00edculos hasta su taller, procedi\u00f3 a transformar un veh\u00edculo en gr\u00faa de remolcar siendo los or\u00edgenes de lo que hoy conocemos como gr\u00faas hidr\u00e1ulicas.<br \/>\nCon la iniciativa que le caracterizaba, la empresa fue creciendo y modific\u00e1ndose adapt\u00e1ndose a las nuevas necesidades del mercado.<\/p>\n<p>En la d\u00e9cada de los &#8217;70, aprovechando la coyuntura econ\u00f3mica, <strong class=\"txt-rojo\">Gruas Bonet<\/strong> realiz\u00f3 un gran despegue empresarial, filosof\u00eda que perdura hasta nuestros d\u00edas, adquiriendo y renovando un gran n\u00famero de productos punteros en el mercado.<\/p>\n<p>Gracias a esta inversi\u00f3n en nueva tecnolog\u00eda de primera calidad y equipo humano, han convertido a <span class=\"txt-rojo\"><strong>GR\u00daAS BONET<\/strong><\/span>, con uno de los parques de maquinaria de gran tonelaje m\u00e1s modernos, competitivos e importantes del arco mediterr\u00e1neo, repartido en las delegaciones que tenemos en Valencia y Castell\u00f3n. A lo largo de estos 50 a\u00f1os de experiencia en el sector, se trabaja intensamente en todo tipo de movimientos industriales, obra civil y edificaci\u00f3n, y se participa activamente en la construcci\u00f3n de grandes obras para la obtenci\u00f3n de todo tipo de empresas, como centrales t\u00e9rmicas de ciclos combinados, centrales nucleares y parques e\u00f3licos.<\/p>\n<p>Todo ello; realizado con unos estrictos estudios t\u00e9cnicos y protocolos de seguridad; dise\u00f1o y calidad; convirtiendo a todas y cada una de nuestras maniobras en trabajos eficaces y con un m\u00e1ximo grado de fiabilidad y optimizaci\u00f3n.<\/p>\n<p>Nuevas posibilidades adem\u00e1s de las ya conocidas gr\u00faas m\u00f3viles son los\u00a0 equipos de transporte especial y plataformas elevadoras, equipos de montajes especializados, adem\u00e1s de gatos hidr\u00e1ulicos y tanquetas, opciones y elementos de trabajo que complementan nuestro quehacer diario.<\/p>\n<p>La estructura operativa que en <strong><span class=\"txt-rojo\">GRUAS BONET<\/span><\/strong> proporcionamos para el desarrollo de todos nuestros servicios, se apoya en un dispositivo humano de profesionales especializados y altamente cualificados.<\/p>\n","protected":false},"excerpt":{"rendered":"<p>D. Alonso Bonet funda Gruas Bonet en el a\u00f1o 1957. Sus comienzos fueron \u00a0en un peque\u00f1o taller, dedicado a la reconstrucci\u00f3n y reparaci\u00f3n de autom\u00f3viles, y vi\u00e9ndose en la necesidad de transportar estos veh\u00edculos hasta su taller, procedi\u00f3 a transformar un veh\u00edculo en gr\u00faa de remolcar siendo los or\u00edgenes de lo que hoy conocemos como [&hellip;]<\/p>\n","protected":false},"author":1,"featured_media":0,"parent":0,"menu_order":0,"comment_status":"closed","ping_status":"open","template":"","meta":{"jetpack_post_was_ever_published":false,"footnotes":""},"class_list":["post-137","page","type-page","status-publish","hentry"],"jetpack_sharing_enabled":true,"jetpack_shortlink":"https:\/\/wp.me\/P5kur1-2d","jetpack-related-posts":[{"id":2844,"url":"https:\/\/www.gruasbonet.es\/en\/?page_id=2844","url_meta":{"origin":137,"position":0},"title":"Know us","date":"22 febrero, 2014","format":false,"excerpt":"D. Alonso Bonet funda Gruas Bonet en el a\u00f1o 1957. Sus comienzos fueron \u00a0en un peque\u00f1o taller, dedicado a la reconstrucci\u00f3n y reparaci\u00f3n de autom\u00f3viles, y vi\u00e9ndose en la necesidad de transportar estos veh\u00edculos hasta su taller, procedi\u00f3 a transformar un veh\u00edculo en gr\u00faa de remolcar siendo los or\u00edgenes de\u2026","rel":"","context":"Entrada similar","img":{"alt_text":"","src":"","width":0,"height":0},"classes":[]},{"id":2512,"url":"https:\/\/www.gruasbonet.es\/?page_id=2512","url_meta":{"origin":137,"position":1},"title":"Politica de calidad","date":"12 noviembre, 2014","format":false,"excerpt":"La Direcci\u00f3n de GRUAS BONET considera su obligaci\u00f3n garantizar el cumplimiento de todos los requisitos legales y otras normativas aplicables en todas y cada una de las actividades que se desempe\u00f1an en la organizaci\u00f3n. Actividades como son el servicio de gr\u00faas m\u00f3viles autopropulsadas, gr\u00faas hidr\u00e1ulicas articuladas, gr\u00faas autocargantes, transporte convencional\u2026","rel":"","context":"Entrada similar","img":{"alt_text":"","src":"","width":0,"height":0},"classes":[]},{"id":2599,"url":"https:\/\/www.gruasbonet.es\/?page_id=2599","url_meta":{"origin":137,"position":2},"title":"RRHH","date":"14 noviembre, 2014","format":false,"excerpt":"En GRUAS BONET, el activo m\u00e1s importante son las personas que componen la empresa. Apostamos por la formaci\u00f3n continua, estimular los conocimientos y dotar de la experiencia necesaria para el desempe\u00f1o de las funciones, en el desarrollo de las capacidades de cada individuo. Entenderse los recursos humanos como el mejor\u2026","rel":"","context":"Entrada similar","img":{"alt_text":"","src":"","width":0,"height":0},"classes":[]},{"id":2268,"url":"https:\/\/www.gruasbonet.es\/?page_id=2268","url_meta":{"origin":137,"position":3},"title":"Gruas Autopropulsadas","date":"1 noviembre, 2014","format":false,"excerpt":"","rel":"","context":"Entrada similar","img":{"alt_text":"","src":"","width":0,"height":0},"classes":[]},{"id":2285,"url":"https:\/\/www.gruasbonet.es\/?page_id=2285","url_meta":{"origin":137,"position":4},"title":"Gruas Articuladas","date":"4 noviembre, 2014","format":false,"excerpt":"","rel":"","context":"Entrada similar","img":{"alt_text":"","src":"","width":0,"height":0},"classes":[]},{"id":2275,"url":"https:\/\/www.gruasbonet.es\/?page_id=2275","url_meta":{"origin":137,"position":5},"title":"Pol\u00edtica de cookies","date":"3 noviembre, 2014","format":false,"excerpt":"Pol\u00edtica de cookies Una cookie es un peque\u00f1o fichero de texto que se almacena en su navegador cuando visita casi cualquier p\u00e1gina web. Su utilidad es que la web sea capaz de recordar su visita cuando vuelva a navegar por esa p\u00e1gina. Las cookies suelen almacenar informaci\u00f3n de car\u00e1cter t\u00e9cnico,\u2026","rel":"","context":"Entrada similar","img":{"alt_text":"","src":"","width":0,"height":0},"classes":[]}],"jetpack_likes_enabled":true,"_links":{"self":[{"href":"https:\/\/www.gruasbonet.es\/index.php?rest_route=\/wp\/v2\/pages\/137","targetHints":{"allow":["GET"]}}],"collection":[{"href":"https:\/\/www.gruasbonet.es\/index.php?rest_route=\/wp\/v2\/pages"}],"about":[{"href":"https:\/\/www.gruasbonet.es\/index.php?rest_route=\/wp\/v2\/types\/page"}],"author":[{"embeddable":true,"href":"https:\/\/www.gruasbonet.es\/index.php?rest_route=\/wp\/v2\/users\/1"}],"replies":[{"embeddable":true,"href":"https:\/\/www.gruasbonet.es\/index.php?rest_route=%2Fwp%2Fv2%2Fcomments&post=137"}],"version-history":[{"count":1,"href":"https:\/\/www.gruasbonet.es\/index.php?rest_route=\/wp\/v2\/pages\/137\/revisions"}],"predecessor-version":[{"id":2458,"href":"https:\/\/www.gruasbonet.es\/index.php?rest_route=\/wp\/v2\/pages\/137\/revisions\/2458"}],"wp:attachment":[{"href":"https:\/\/www.gruasbonet.es\/index.php?rest_route=%2Fwp%2Fv2%2Fmedia&parent=137"}],"curies":[{"name":"wp","href":"https:\/\/api.w.org\/{rel}","templated":true}]}}